{"id":316,"date":"2012-03-22T13:21:48","date_gmt":"2012-03-22T12:21:48","guid":{"rendered":"http:\/\/praenta.stroemme.se\/?page_id=316"},"modified":"2012-11-19T12:40:20","modified_gmt":"2012-11-19T11:40:20","slug":"boja-eller-inte-boja-fragan-ar-kanske-basa-eller-inte-basa","status":"publish","type":"page","link":"https:\/\/praenta.stroemme.se\/?page_id=316","title":{"rendered":"B\u00f6ja eller inte b\u00f6ja&#8230; fr\u00e5gan \u00e4r kanske basa eller inte basa"},"content":{"rendered":"","protected":true},"excerpt":{"rendered":"","protected":true},"author":1,"featured_media":0,"parent":12,"menu_order":0,"comment_status":"open","ping_status":"open","template":"","meta":[],"_links":{"self":[{"href":"https:\/\/praenta.stroemme.se\/index.php?rest_route=\/wp\/v2\/pages\/316"}],"collection":[{"href":"https:\/\/praenta.stroemme.se\/index.php?rest_route=\/wp\/v2\/pages"}],"about":[{"href":"https:\/\/praenta.stroemme.se\/index.php?rest_route=\/wp\/v2\/types\/page"}],"author":[{"embeddable":true,"href":"https:\/\/praenta.stroemme.se\/index.php?rest_route=\/wp\/v2\/users\/1"}],"replies":[{"embeddable":true,"href":"https:\/\/praenta.stroemme.se\/index.php?rest_route=%2Fwp%2Fv2%2Fcomments&post=316"}],"version-history":[{"count":19,"href":"https:\/\/praenta.stroemme.se\/index.php?rest_route=\/wp\/v2\/pages\/316\/revisions"}],"predecessor-version":[{"id":328,"href":"https:\/\/praenta.stroemme.se\/index.php?rest_route=\/wp\/v2\/pages\/316\/revisions\/328"}],"up":[{"embeddable":true,"href":"https:\/\/praenta.stroemme.se\/index.php?rest_route=\/wp\/v2\/pages\/12"}],"wp:attachment":[{"href":"https:\/\/praenta.stroemme.se\/index.php?rest_route=%2Fwp%2Fv2%2Fmedia&parent=316"}],"curies":[{"name":"wp","href":"https:\/\/api.w.org\/{rel}","templated":true}]}}