{"id":620,"date":"2012-11-26T14:59:00","date_gmt":"2012-11-26T13:59:00","guid":{"rendered":"http:\/\/praenta.stroemme.se\/?page_id=620"},"modified":"2012-11-26T15:00:09","modified_gmt":"2012-11-26T14:00:09","slug":"slutklam-pa-vintersassongen","status":"publish","type":"page","link":"https:\/\/praenta.stroemme.se\/?page_id=620","title":{"rendered":"Slutkl\u00e4m p\u00e5 vinters\u00e4ssongen"},"content":{"rendered":"","protected":true},"excerpt":{"rendered":"","protected":true},"author":1,"featured_media":0,"parent":104,"menu_order":0,"comment_status":"open","ping_status":"open","template":"","meta":[],"_links":{"self":[{"href":"https:\/\/praenta.stroemme.se\/index.php?rest_route=\/wp\/v2\/pages\/620"}],"collection":[{"href":"https:\/\/praenta.stroemme.se\/index.php?rest_route=\/wp\/v2\/pages"}],"about":[{"href":"https:\/\/praenta.stroemme.se\/index.php?rest_route=\/wp\/v2\/types\/page"}],"author":[{"embeddable":true,"href":"https:\/\/praenta.stroemme.se\/index.php?rest_route=\/wp\/v2\/users\/1"}],"replies":[{"embeddable":true,"href":"https:\/\/praenta.stroemme.se\/index.php?rest_route=%2Fwp%2Fv2%2Fcomments&post=620"}],"version-history":[{"count":5,"href":"https:\/\/praenta.stroemme.se\/index.php?rest_route=\/wp\/v2\/pages\/620\/revisions"}],"predecessor-version":[{"id":627,"href":"https:\/\/praenta.stroemme.se\/index.php?rest_route=\/wp\/v2\/pages\/620\/revisions\/627"}],"up":[{"embeddable":true,"href":"https:\/\/praenta.stroemme.se\/index.php?rest_route=\/wp\/v2\/pages\/104"}],"wp:attachment":[{"href":"https:\/\/praenta.stroemme.se\/index.php?rest_route=%2Fwp%2Fv2%2Fmedia&parent=620"}],"curies":[{"name":"wp","href":"https:\/\/api.w.org\/{rel}","templated":true}]}}