{"id":646,"date":"2012-12-10T13:21:53","date_gmt":"2012-12-10T12:21:53","guid":{"rendered":"http:\/\/praenta.stroemme.se\/?page_id=646"},"modified":"2012-12-10T13:21:53","modified_gmt":"2012-12-10T12:21:53","slug":"en-liten-test-sida","status":"publish","type":"page","link":"https:\/\/praenta.stroemme.se\/?page_id=646","title":{"rendered":"En liten test-sida"},"content":{"rendered":"<h1>Test-stycke<\/h1>\n<p>Det h\u00e4r \u00e4r en liten test-rad.<br \/>\nDet h\u00e4r \u00e4r en liten test-rad.<br \/>\nDet h\u00e4r \u00e4r en liten test-rad.<br \/>\nDet h\u00e4r \u00e4r en liten test-rad.<\/p>\n<p>Det h\u00e4r \u00e4r en liten test-rad.<br \/>\nDet h\u00e4r \u00e4r en liten test-rad.<br \/>\nDet h\u00e4r \u00e4r en liten test-rad.<br \/>\nDet h\u00e4r \u00e4r en liten test-rad.<\/p>\n<p>Det h\u00e4r \u00e4r en liten test-rad.<br \/>\nDet h\u00e4r \u00e4r en liten test-rad.<br \/>\nDet h\u00e4r \u00e4r en liten test-rad.<br \/>\nDet h\u00e4r \u00e4r en liten test-rad.<\/p>\n<p>Det h\u00e4r \u00e4r en liten test-rad.<br \/>\nDet h\u00e4r \u00e4r en liten test-rad.<br \/>\nDet h\u00e4r \u00e4r en liten test-rad.<br \/>\nDet h\u00e4r \u00e4r en liten test-rad.<\/p>\n<p>&nbsp;<\/p>\n<p>&nbsp;<\/p>\n","protected":false},"excerpt":{"rendered":"<p>Test-stycke Det h\u00e4r \u00e4r en liten test-rad. Det h\u00e4r \u00e4r en liten test-rad. Det h\u00e4r \u00e4r en liten test-rad. Det h\u00e4r \u00e4r en liten test-rad. Det h\u00e4r \u00e4r en liten test-rad. Det h\u00e4r \u00e4r en liten test-rad. Det h\u00e4r \u00e4r &hellip; <a href=\"https:\/\/praenta.stroemme.se\/?page_id=646\">Forts\u00e4tt l\u00e4sa <span class=\"meta-nav\">&rarr;<\/span><\/a><\/p>\n","protected":false},"author":1,"featured_media":0,"parent":56,"menu_order":0,"comment_status":"open","ping_status":"open","template":"","meta":[],"_links":{"self":[{"href":"https:\/\/praenta.stroemme.se\/index.php?rest_route=\/wp\/v2\/pages\/646"}],"collection":[{"href":"https:\/\/praenta.stroemme.se\/index.php?rest_route=\/wp\/v2\/pages"}],"about":[{"href":"https:\/\/praenta.stroemme.se\/index.php?rest_route=\/wp\/v2\/types\/page"}],"author":[{"embeddable":true,"href":"https:\/\/praenta.stroemme.se\/index.php?rest_route=\/wp\/v2\/users\/1"}],"replies":[{"embeddable":true,"href":"https:\/\/praenta.stroemme.se\/index.php?rest_route=%2Fwp%2Fv2%2Fcomments&post=646"}],"version-history":[{"count":1,"href":"https:\/\/praenta.stroemme.se\/index.php?rest_route=\/wp\/v2\/pages\/646\/revisions"}],"predecessor-version":[{"id":647,"href":"https:\/\/praenta.stroemme.se\/index.php?rest_route=\/wp\/v2\/pages\/646\/revisions\/647"}],"up":[{"embeddable":true,"href":"https:\/\/praenta.stroemme.se\/index.php?rest_route=\/wp\/v2\/pages\/56"}],"wp:attachment":[{"href":"https:\/\/praenta.stroemme.se\/index.php?rest_route=%2Fwp%2Fv2%2Fmedia&parent=646"}],"curies":[{"name":"wp","href":"https:\/\/api.w.org\/{rel}","templated":true}]}}