{"id":660,"date":"2013-05-31T14:55:50","date_gmt":"2013-05-31T13:55:50","guid":{"rendered":"http:\/\/praenta.stroemme.se\/?page_id=660"},"modified":"2013-06-17T14:33:31","modified_gmt":"2013-06-17T13:33:31","slug":"infor-sjosattningen-2013","status":"publish","type":"page","link":"https:\/\/praenta.stroemme.se\/?page_id=660","title":{"rendered":"Inf\u00f6r sj\u00f6s\u00e4ttningen 2013"},"content":{"rendered":"","protected":true},"excerpt":{"rendered":"","protected":true},"author":1,"featured_media":0,"parent":450,"menu_order":0,"comment_status":"open","ping_status":"open","template":"","meta":[],"_links":{"self":[{"href":"https:\/\/praenta.stroemme.se\/index.php?rest_route=\/wp\/v2\/pages\/660"}],"collection":[{"href":"https:\/\/praenta.stroemme.se\/index.php?rest_route=\/wp\/v2\/pages"}],"about":[{"href":"https:\/\/praenta.stroemme.se\/index.php?rest_route=\/wp\/v2\/types\/page"}],"author":[{"embeddable":true,"href":"https:\/\/praenta.stroemme.se\/index.php?rest_route=\/wp\/v2\/users\/1"}],"replies":[{"embeddable":true,"href":"https:\/\/praenta.stroemme.se\/index.php?rest_route=%2Fwp%2Fv2%2Fcomments&post=660"}],"version-history":[{"count":6,"href":"https:\/\/praenta.stroemme.se\/index.php?rest_route=\/wp\/v2\/pages\/660\/revisions"}],"predecessor-version":[{"id":680,"href":"https:\/\/praenta.stroemme.se\/index.php?rest_route=\/wp\/v2\/pages\/660\/revisions\/680"}],"up":[{"embeddable":true,"href":"https:\/\/praenta.stroemme.se\/index.php?rest_route=\/wp\/v2\/pages\/450"}],"wp:attachment":[{"href":"https:\/\/praenta.stroemme.se\/index.php?rest_route=%2Fwp%2Fv2%2Fmedia&parent=660"}],"curies":[{"name":"wp","href":"https:\/\/api.w.org\/{rel}","templated":true}]}}