{"id":770,"date":"2013-08-15T00:22:00","date_gmt":"2013-08-14T23:22:00","guid":{"rendered":"http:\/\/praenta.stroemme.se\/?page_id=770"},"modified":"2013-08-15T00:22:00","modified_gmt":"2013-08-14T23:22:00","slug":"en-skon-dag-pa-sjon","status":"publish","type":"page","link":"https:\/\/praenta.stroemme.se\/?page_id=770","title":{"rendered":"En sk\u00f6n dag p\u00e5 sj\u00f6n"},"content":{"rendered":"","protected":true},"excerpt":{"rendered":"","protected":true},"author":1,"featured_media":0,"parent":12,"menu_order":0,"comment_status":"open","ping_status":"open","template":"","meta":[],"_links":{"self":[{"href":"https:\/\/praenta.stroemme.se\/index.php?rest_route=\/wp\/v2\/pages\/770"}],"collection":[{"href":"https:\/\/praenta.stroemme.se\/index.php?rest_route=\/wp\/v2\/pages"}],"about":[{"href":"https:\/\/praenta.stroemme.se\/index.php?rest_route=\/wp\/v2\/types\/page"}],"author":[{"embeddable":true,"href":"https:\/\/praenta.stroemme.se\/index.php?rest_route=\/wp\/v2\/users\/1"}],"replies":[{"embeddable":true,"href":"https:\/\/praenta.stroemme.se\/index.php?rest_route=%2Fwp%2Fv2%2Fcomments&post=770"}],"version-history":[{"count":1,"href":"https:\/\/praenta.stroemme.se\/index.php?rest_route=\/wp\/v2\/pages\/770\/revisions"}],"predecessor-version":[{"id":793,"href":"https:\/\/praenta.stroemme.se\/index.php?rest_route=\/wp\/v2\/pages\/770\/revisions\/793"}],"up":[{"embeddable":true,"href":"https:\/\/praenta.stroemme.se\/index.php?rest_route=\/wp\/v2\/pages\/12"}],"wp:attachment":[{"href":"https:\/\/praenta.stroemme.se\/index.php?rest_route=%2Fwp%2Fv2%2Fmedia&parent=770"}],"curies":[{"name":"wp","href":"https:\/\/api.w.org\/{rel}","templated":true}]}}